{"id":38,"date":"2024-04-03T12:20:00","date_gmt":"2024-04-03T10:20:00","guid":{"rendered":"https:\/\/ilij.ujk.edu.pl\/szou\/?page_id=38"},"modified":"2025-09-05T17:20:02","modified_gmt":"2025-09-05T15:20:02","slug":"spotkanie-integracyjne","status":"publish","type":"page","link":"https:\/\/ilij.ujk.edu.pl\/szou\/index.php\/spotkanie-integracyjne\/","title":{"rendered":"Spotkanie integracyjne"},"content":{"rendered":"<p>Bardzo si\u0119 ciesz\u0119, \u017ce trafi\u0142am do Szko\u0142y Otwartego Umys\u0142u. To naprawd\u0119 fantastyczna okazja, by wyj\u015b\u0107 poza klasyczny format organizowania konferencji naukowych. Projekt sprzyja mi\u0119dzynarodowej integracji i daje unikalne do\u015bwiadczenie w komunikacji. Uczestnicz\u0105c w wydarzeniach, mo\u017cna doskonali\u0107 znajomo\u015b\u0107 j\u0119zyk\u00f3w obcych i nawi\u0105zywa\u0107 nowe znajomo\u015bci. Osobi\u015bcie pozna\u0142am wspania\u0142ych ludzi i zdoby\u0142am bezcenne wspomnienia, kt\u00f3re \u0142\u0105cz\u0105 w sobie ciekawe informacje i ciep\u0142e emocje.<br \/>\nMam nadziej\u0119, \u017ce w przysz\u0142o\u015bci jeszcze nie raz do\u0142\u0105cz\u0119 do Szko\u0142y! To w\u0142a\u015bnie ona udowadnia, \u017ce proces naukowy mo\u017ce by\u0107 nie tylko owocny i interesuj\u0105cy, ale te\u017c radosny i przyjemny.<\/p>\n<p>Anastasiia Malanii (Tarnopol)<\/p>\n<p>&nbsp;<\/p>\n<p>&nbsp;<\/p>\n<p>&nbsp;<\/p>\n<p>&nbsp;<\/p>\n<p><a href=\"https:\/\/ilij.ujk.edu.pl\/szou\/wp-content\/uploads\/2024\/08\/PLAKAT-2024-1.pdf\">XX\u0425. Mi\u0119dzynarodowe Spotkanie Integracyjne Warsztaty Metodologiczne i Konferencja Naukowa HOMO PHILOSOPHICUS WARTO\u015aCI \u015aWIATOPOGL\u0104DOWE WSP\u00d3\u0141CZESNEGO CZ\u0141OWIEKA Kielce \u2013 Bodzentyn \u2013 \u015awi\u0119ta Katarzyna \u2013 Wilk\u00f3w 25.08. \u2013 31.08. 2024 r. UCZESTNICY Polska: Uniwersytet Jana Kochanowskiego w Kielcach, Uniwersytet Kardyna\u0142a Stefana Wyszy\u0144skiego w Warszawie, Staropolska Akademia Nauk Stosowanych w Kielcach Ukraina: Narodowy Uniwersytet Pedagogiczny im. W. Hnatiuka w Tarnopolu, Uniwersytet Narodowy im. I. Ogienki w Kamie\u0144cu Podolskim, Akademia Humanistyczno-Pedagogiczna im. T. Szewczenki w Krzemie\u0144cu, Narodowy Uniwersytet Ekonomiczny im. S. Kuznecia w Charkowie, Narodowy Uniwersytet \u201eKolegium Czernihowskie\u201d im. T. Szewczenki, Pa\u0144stwowy Uniwersytet Techniczny w Czerkasach Estonia: Uniwersytet Talli\u0144ski USA: Uniwersytet Newady w Reno<\/a><\/p>\n<p>&nbsp;<\/p>\n<p>&nbsp;<\/p>\n<p>&nbsp;<\/p>\n<p>&nbsp;<\/p>\n<p>&nbsp;<\/p>\n<p>Spotkanie integracyjne trwa 5-7 dni.<\/p>\n<p>W ka\u017cdym spotkaniu udzia\u0142 bierze od 30 do 45 uczestnik\u00f3w (wraz z opiekunami naukowymi).<\/p>\n<p>J\u0119zyki spotkania:\u00a0 s\u0142owia\u0144skie. Obowi\u0105zuje ca\u0142kowity zakaz pos\u0142ugiwania si\u0119 j\u0119zykami nies\u0142owia\u0144skimi.<\/p>\n<p>W trakcie ka\u017cdego spotkania odbywaj\u0105 si\u0119:<\/p>\n<ul>\n<li>warsztaty metodologiczne prowadzone przez do\u015bwiadczonych naukowc\u00f3w<\/li>\n<li>interdyscyplinarna studencko-doktorancka konferencja w trybie panelu dyskusyjnego (dyskusja jest po\u0142\u0105czona z wyst\u0105pieniem); spora cz\u0119\u015b\u0107 posiedze\u0144 odbywa si\u0119 w plenerze lub jest \u0142\u0105czona ze zwiedzaniem okolic;<\/li>\n<li>wieczory kultury narodowej uczestnik\u00f3w;<\/li>\n<li>wycieczki kulturalne (zwiedzanie miast, muze\u00f3w) i rekreacyjno-turystyczne (w ostatni wiecz\u00f3r obligatoryjnie odbywa si\u0119 ognisko);<\/li>\n<li>imprezy sportowe z udzia\u0142em uczestnik\u00f3w;<\/li>\n<li>spotkania z m\u0142odzie\u017c\u0105 akademick\u0105 i szkoln\u0105, miejscowymi dzia\u0142aczami kultury i przedstawicielami samorz\u0105d\u00f3w.<\/li>\n<\/ul>\n<p>W ostatnim dniu Spotkania ka\u017cdy uczestnik otrzymuje certyfikat Szko\u0142y jako potwierdzenie uczestnictwa czynnego. Ka\u017cdego roku wydawana jest tak\u017ce publikacja pokonferencyjna, o kt\u00f3rej wi\u0119cej szczeg\u00f3\u0142\u00f3w mo\u017cna przeczyta\u0107 w zak\u0142adce &#8222;<a href=\"https:\/\/ilij.ujk.edu.pl\/szou\/index.php\/publikacja\/\">Publikacje<\/a>&#8222;.<\/p>\n","protected":false},"excerpt":{"rendered":"<p>Bardzo si\u0119 ciesz\u0119, \u017ce trafi\u0142am do Szko\u0142y Otwartego Umys\u0142u. To naprawd\u0119 fantastyczna okazja, by wyj\u015b\u0107 poza klasyczny format organizowania konferencji naukowych. Projekt sprzyja mi\u0119dzynarodowej integracji i daje unikalne do\u015bwiadczenie w komunikacji. Uczestnicz\u0105c w wydarzeniach, mo\u017cna doskonali\u0107 znajomo\u015b\u0107 j\u0119zyk\u00f3w obcych i nawi\u0105zywa\u0107 nowe znajomo\u015bci. Osobi\u015bcie pozna\u0142am wspania\u0142ych ludzi i zdoby\u0142am bezcenne wspomnienia, kt\u00f3re \u0142\u0105cz\u0105 w sobie &hellip; <\/p>\n<p class=\"link-more\"><a href=\"https:\/\/ilij.ujk.edu.pl\/szou\/index.php\/spotkanie-integracyjne\/\" class=\"more-link\">Czytaj dalej<span class=\"screen-reader-text\"> \u201eSpotkanie integracyjne\u201d<\/span><\/a><\/p>\n","protected":false},"author":1,"featured_media":9,"parent":0,"menu_order":0,"comment_status":"closed","ping_status":"closed","template":"","meta":{"footnotes":""},"class_list":["post-38","page","type-page","status-publish","has-post-thumbnail","hentry"],"_links":{"self":[{"href":"https:\/\/ilij.ujk.edu.pl\/szou\/index.php\/wp-json\/wp\/v2\/pages\/38","targetHints":{"allow":["GET"]}}],"collection":[{"href":"https:\/\/ilij.ujk.edu.pl\/szou\/index.php\/wp-json\/wp\/v2\/pages"}],"about":[{"href":"https:\/\/ilij.ujk.edu.pl\/szou\/index.php\/wp-json\/wp\/v2\/types\/page"}],"author":[{"embeddable":true,"href":"https:\/\/ilij.ujk.edu.pl\/szou\/index.php\/wp-json\/wp\/v2\/users\/1"}],"replies":[{"embeddable":true,"href":"https:\/\/ilij.ujk.edu.pl\/szou\/index.php\/wp-json\/wp\/v2\/comments?post=38"}],"version-history":[{"count":9,"href":"https:\/\/ilij.ujk.edu.pl\/szou\/index.php\/wp-json\/wp\/v2\/pages\/38\/revisions"}],"predecessor-version":[{"id":215,"href":"https:\/\/ilij.ujk.edu.pl\/szou\/index.php\/wp-json\/wp\/v2\/pages\/38\/revisions\/215"}],"wp:featuredmedia":[{"embeddable":true,"href":"https:\/\/ilij.ujk.edu.pl\/szou\/index.php\/wp-json\/wp\/v2\/media\/9"}],"wp:attachment":[{"href":"https:\/\/ilij.ujk.edu.pl\/szou\/index.php\/wp-json\/wp\/v2\/media?parent=38"}],"curies":[{"name":"wp","href":"https:\/\/api.w.org\/{rel}","templated":true}]}}