{"id":40,"date":"2024-04-03T12:20:15","date_gmt":"2024-04-03T10:20:15","guid":{"rendered":"https:\/\/ilij.ujk.edu.pl\/szou\/?page_id=40"},"modified":"2024-04-04T13:45:06","modified_gmt":"2024-04-04T11:45:06","slug":"warunki-uczestnictwa","status":"publish","type":"page","link":"https:\/\/ilij.ujk.edu.pl\/szou\/index.php\/warunki-uczestnictwa\/","title":{"rendered":"Warunki uczestnictwa"},"content":{"rendered":"<p style=\"text-align: justify;\">Szko\u0142a Otwartego Umys\u0142u odbywa si\u0119 dwa razy w roku \u2013 wiosn\u0105 na Ukrainie oraz p\u00f3\u017anym latem w Polsce. Obecnie warsztaty metodologiczne prowadzone s\u0105 przez wyk\u0142adowc\u00f3w z\u00a0miast partnerskich, a uczestnikami s\u0105 studenci i doktoranci z\u00a0Polski (Kielce, Warszawa, Katowice, Bia\u0142ystok), Rosji (Moskwa, Ni\u017cnyj Nowogr\u00f3d), Ukrainy(Tarnopol, Kij\u00f3w, Krzemieniec, Kamieniec Podolski) i Czech (Ostrawa).<\/p>\n<p style=\"text-align: justify;\">W pierwszym spotkaniu SzOU w Ch\u0119cinach wzi\u0119li udzia\u0142 studenci oraz doktoranci z Kielc, Kamie\u0144ca Podolskiego i Lwowa, a samo wydarzenie zorganizowali dr hab. Oleg Leszczaki dr Ryszard Stefa\u0144ski z UJK oraz dr. hab. Oleksandr Wo\u0142kowynski z Kamie\u0144ca Podolskiego. W nast\u0119pnych latach do Projektu do\u0142\u0105czyli dr hab. Micha\u0142 \u0141abaszczuk (Tarnopol, \u0141\u00f3d\u017a, Bielsko-Bia\u0142a) i dr hab. Oksana \u0141abaszczuk (Tarnopol), dr Olena Pasicznyk (Krzemieniec).<\/p>\n<p style=\"text-align: justify;\">Obecnie sta\u0142ymi uczestnikami i oficjalnymi wsp\u00f3\u0142organizatorami Spotka\u0144 Integracyjnych SzOU s\u0105 studenci i doktoranci z Uniwersytetu Jana Kochanowskiego w Kielcach (Polska), Uniwersytetu Narodowego im. Iwana Ogienki w Kamie\u0144cu Podolskim (Ukraina), Akademii Humanistyczno-Pedagogicznej im. Tarasa Szewczenki w Krzemie\u0144cu (Ukraina) oraz Narodowego Uniwersytetu Pedagogicznego im. W\u0142odzimierza Hnatiuka w Tarnopolu (Ukraina).<\/p>\n<p style=\"text-align: justify;\">Ze wzgl\u0119du na wielko\u015b\u0107 przedsi\u0119wzi\u0119cia, jakim w ostatnich latach sta\u0142a si\u0119 Szko\u0142a Otwartego Umys\u0142u, Organizatorzy ustalili pewne zasady.<\/p>\n<ul style=\"text-align: justify;\">\n<li>Strona przyjmuj\u0105ca (okre\u015blana wg kolejno\u015bci) zapewnia uczestnikom pobyt (warunki: internat lub akademik) i wy\u017cywienie (sto\u0142\u00f3wka szkolna, uniwersytecka, katering, \u015bniadania i kolacje mog\u0105 by\u0107 w postaci produkt\u00f3w \u2013 przygotowanie we w\u0142asnym zakresie przy dost\u0119pie do kuchni), a tak\u017ce organizuje posiedzenia konferencyjne, wycieczki, wieczory kultury i ogniska).<\/li>\n<li>Strony wysy\u0142aj\u0105ce zapewniaj\u0105 uczestnikom przejazd w obie strony.<\/li>\n<li>Uczestnicy polscy ponosz\u0105 w kosztach publikacji (poprzez wpisowe). Doktoranci uczestnicz\u0105 na zasadzie odp\u0142atno\u015bci za umowy posiadania koszt\u00f3w na badania.<\/li>\n<li>Strona ukrai\u0144ska zapewnia druk czasopisma \u201e\u0428\u043a\u043e\u043b\u0430 \u0432i\u0434\u043a\u0440\u0438\u0442\u043e\u0433\u043e \u0440\u043e\u0437\u0443\u043c\u0443\u201d.<\/li>\n<li>Ilo\u015b\u0107 uczestnik\u00f3w jest uzale\u017cniona od mo\u017cliwo\u015bci strony przyjmuj\u0105cej. Z\u00a0regu\u0142y to ok. 30-35 os\u00f3b ze strony wsp\u00f3\u0142organizator\u00f3w Projektu, 5-10 uczestnik\u00f3w zapraszanych spoza cz\u0142onk\u00f3w Projektu oraz 4-6 promotor\u00f3w. Strona przyjmuj\u0105ca mo\u017ce zaprosi\u0107 \u00a0wi\u0119ksz\u0105 liczb\u0119 uczestnik\u00f3w.<\/li>\n<\/ul>\n<p style=\"text-align: justify;\">Je\u017celi jeste\u015bcie zainteresowani udzia\u0142em w Szkole Otwartego Umys\u0142u, skontaktujcie si\u0119 z nami. Wszystkie niezb\u0119dne informacje znajdziecie w zak\u0142adce <a href=\"https:\/\/ilij.ujk.edu.pl\/szou\/index.php\/kontakt\/\">Kontakt<\/a>.<\/p>\n","protected":false},"excerpt":{"rendered":"<p>Szko\u0142a Otwartego Umys\u0142u odbywa si\u0119 dwa razy w roku \u2013 wiosn\u0105 na Ukrainie oraz p\u00f3\u017anym latem w Polsce. Obecnie warsztaty metodologiczne prowadzone s\u0105 przez wyk\u0142adowc\u00f3w z\u00a0miast partnerskich, a uczestnikami s\u0105 studenci i doktoranci z\u00a0Polski (Kielce, Warszawa, Katowice, Bia\u0142ystok), Rosji (Moskwa, Ni\u017cnyj Nowogr\u00f3d), Ukrainy(Tarnopol, Kij\u00f3w, Krzemieniec, Kamieniec Podolski) i Czech (Ostrawa). W pierwszym spotkaniu SzOU w &hellip; <\/p>\n<p class=\"link-more\"><a href=\"https:\/\/ilij.ujk.edu.pl\/szou\/index.php\/warunki-uczestnictwa\/\" class=\"more-link\">Czytaj dalej<span class=\"screen-reader-text\"> \u201eWarunki uczestnictwa\u201d<\/span><\/a><\/p>\n","protected":false},"author":1,"featured_media":0,"parent":0,"menu_order":0,"comment_status":"closed","ping_status":"closed","template":"","meta":{"footnotes":""},"class_list":["post-40","page","type-page","status-publish","hentry"],"_links":{"self":[{"href":"https:\/\/ilij.ujk.edu.pl\/szou\/index.php\/wp-json\/wp\/v2\/pages\/40","targetHints":{"allow":["GET"]}}],"collection":[{"href":"https:\/\/ilij.ujk.edu.pl\/szou\/index.php\/wp-json\/wp\/v2\/pages"}],"about":[{"href":"https:\/\/ilij.ujk.edu.pl\/szou\/index.php\/wp-json\/wp\/v2\/types\/page"}],"author":[{"embeddable":true,"href":"https:\/\/ilij.ujk.edu.pl\/szou\/index.php\/wp-json\/wp\/v2\/users\/1"}],"replies":[{"embeddable":true,"href":"https:\/\/ilij.ujk.edu.pl\/szou\/index.php\/wp-json\/wp\/v2\/comments?post=40"}],"version-history":[{"count":8,"href":"https:\/\/ilij.ujk.edu.pl\/szou\/index.php\/wp-json\/wp\/v2\/pages\/40\/revisions"}],"predecessor-version":[{"id":98,"href":"https:\/\/ilij.ujk.edu.pl\/szou\/index.php\/wp-json\/wp\/v2\/pages\/40\/revisions\/98"}],"wp:attachment":[{"href":"https:\/\/ilij.ujk.edu.pl\/szou\/index.php\/wp-json\/wp\/v2\/media?parent=40"}],"curies":[{"name":"wp","href":"https:\/\/api.w.org\/{rel}","templated":true}]}}